{"id":1423,"date":"2023-08-13T14:29:25","date_gmt":"2023-08-13T12:29:25","guid":{"rendered":"https:\/\/vinczebajusztimea.com\/?page_id=1423"},"modified":"2025-12-16T08:40:10","modified_gmt":"2025-12-16T07:40:10","slug":"szakmai-hatter","status":"publish","type":"page","link":"https:\/\/vinczebajusztimea.com\/?page_id=1423","title":{"rendered":"Szakmai h\u00e1tt\u00e9r"},"content":{"rendered":"\n<p>Szakmai \u00e9rdekl\u0151d\u00e9sem a kezdetekt\u0151l a pszichoanal\u00edzis \u00e9s a pszichodinamikus ir\u00e1nyzatok fel\u00e9 fordult: mi mozgatja val\u00f3j\u00e1ban az emberek viselked\u00e9s\u00e9t, v\u00e1gyait, sz\u00e1nd\u00e9kait. A h\u00e1tt\u00e9rben h\u00faz\u00f3d\u00f3 pszich\u00e9s dinamika \u00e9s rejtett bels\u0151 konfliktusok felt\u00e1r\u00e1sa \u00e9s az ehhez kapcsol\u00f3d\u00f3 m\u00f3dszertan elsaj\u00e1t\u00edt\u00e1sa volt a c\u00e9lom a diploma ut\u00e1ni k\u00e9pz\u00e9sek megv\u00e1laszt\u00e1sakor. K\u00e9s\u0151bb az \u00e9rdekl\u0151d\u00e9sem kib\u0151v\u00fclt az imaginat\u00edv m\u00f3dszerekkel (bels\u0151 vil\u00e1gunk tudattalan k\u00e9peivel) val\u00f3 munka ir\u00e1ny\u00e1ba is.<\/p>\n\n\n\n<p>2007-ben v\u00e9geztem az ELTE PPK pszichol\u00f3gia szak\u00e1n, majd a Debreceni Egyetem klinikai szakpszichol\u00f3gus k\u00e9pz\u00e9s\u00e9t fejeztem be 2012-ben. A Magyar Pszichoanalitikus Egyes\u00fclet pszichoanalitikusan orient\u00e1lt terapeuta k\u00e9pz\u00e9s\u00e9t 2017-ig v\u00e9geztem. 2014 \u00e9s 2016 k\u00f6z\u00f6tt a KIP (katat\u00edm imaginat\u00edv pszichoter\u00e1pia) m\u00f3dszert saj\u00e1t\u00edtottam el az Magyar Integrat\u00edv Pszichoter\u00e1pi\u00e1s Egyes\u00fclet szervez\u00e9s\u00e9ben, majd a MAKOMP (Magyar Komplex Pszichoter\u00e1pi\u00e1s Egyes\u00fclet) Regresszi\u00f3 \u00e9s disszoci\u00e1ci\u00f3 elm\u00e9leti \u00e9s ter\u00e1pi\u00e1s technik\u00e1k k\u00e9pz\u00e9s\u00e9t v\u00e9geztem el. A T\u00fcnd\u00e9rhegyi Pszichoterapeuta szakk\u00e9pz\u00e9st 2018-ban fejeztem be. 2011 \u00f3ta mag\u00e1nrendelek.<\/p>\n\n\n\n<p>Rendszeresen l\u00e1togatom a k\u00fcl\u00f6nb\u00f6z\u0151 m\u00f3dszerek szakmai konferenci\u00e1it, k\u00f6vetem az \u00fajabb kutat\u00e1sok eredm\u00e9nyeit \u00e9s a szakirodalmi besz\u00e1mol\u00f3kat.<\/p>\n\n\n\n<p>Munk\u00e1mban nagy hangs\u00falyt fektetek a ter\u00e1pi\u00e1s helyzetben megjelen\u0151 kapcsolati dinamik\u00e1ra, melyekben a neh\u00e9z \u00e9lm\u00e9nyek, traumatikus kapcsolati tapasztalatok \u00fajra tudnak \u00e9ledni &#8211; \u00edgy ny\u00edilik lehet\u0151s\u00e9g\u00fcnk a felismer\u00e9sre \u00e9s a korrekci\u00f3ra.<\/p>\n\n\n\n<p><\/p>\n\n\n<style>.kb-image1423_d3ee5c-7b .kb-image-has-overlay:after{opacity:0.3;}<\/style>\n<div class=\"wp-block-kadence-image kb-image1423_d3ee5c-7b\"><figure class=\"aligncenter size-large\"><img loading=\"lazy\" decoding=\"async\" width=\"1024\" height=\"723\" src=\"https:\/\/vinczebajusztimea.com\/wp-content\/uploads\/2025\/08\/vbtphoto_VBTimi-47_crop-1024x723.jpg\" alt=\"\" class=\"kb-img wp-image-1730\" srcset=\"https:\/\/vinczebajusztimea.com\/wp-content\/uploads\/2025\/08\/vbtphoto_VBTimi-47_crop-1024x723.jpg 1024w, https:\/\/vinczebajusztimea.com\/wp-content\/uploads\/2025\/08\/vbtphoto_VBTimi-47_crop-300x212.jpg 300w, https:\/\/vinczebajusztimea.com\/wp-content\/uploads\/2025\/08\/vbtphoto_VBTimi-47_crop-768x543.jpg 768w, https:\/\/vinczebajusztimea.com\/wp-content\/uploads\/2025\/08\/vbtphoto_VBTimi-47_crop-1536x1085.jpg 1536w, https:\/\/vinczebajusztimea.com\/wp-content\/uploads\/2025\/08\/vbtphoto_VBTimi-47_crop-2048x1447.jpg 2048w\" sizes=\"(max-width: 1024px) 100vw, 1024px\" \/><\/figure><\/div>\n","protected":false},"excerpt":{"rendered":"<p>Szakmai \u00e9rdekl\u0151d\u00e9sem a kezdetekt\u0151l a pszichoanal\u00edzis \u00e9s a pszichodinamikus ir\u00e1nyzatok fel\u00e9 fordult: mi mozgatja val\u00f3j\u00e1ban az emberek viselked\u00e9s\u00e9t, v\u00e1gyait, sz\u00e1nd\u00e9kait. A h\u00e1tt\u00e9rben h\u00faz\u00f3d\u00f3 pszich\u00e9s dinamika \u00e9s rejtett bels\u0151 konfliktusok felt\u00e1r\u00e1sa \u00e9s az ehhez kapcsol\u00f3d\u00f3 m\u00f3dszertan elsaj\u00e1t\u00edt\u00e1sa volt a c\u00e9lom a diploma ut\u00e1ni k\u00e9pz\u00e9sek megv\u00e1laszt\u00e1sakor. K\u00e9s\u0151bb az \u00e9rdekl\u0151d\u00e9sem kib\u0151v\u00fclt az imaginat\u00edv m\u00f3dszerekkel (bels\u0151 vil\u00e1gunk tudattalan k\u00e9peivel)&#8230;<\/p>\n","protected":false},"author":1,"featured_media":0,"parent":0,"menu_order":0,"comment_status":"closed","ping_status":"closed","template":"","meta":{"_monsterinsights_skip_tracking":false,"_monsterinsights_sitenote_active":false,"_monsterinsights_sitenote_note":"","_monsterinsights_sitenote_category":0,"_kadence_starter_templates_imported_post":false,"_kad_post_transparent":"default","_kad_post_title":"","_kad_post_layout":"","_kad_post_sidebar_id":"","_kad_post_content_style":"","_kad_post_vertical_padding":"","_kad_post_feature":"","_kad_post_feature_position":"","_kad_post_header":false,"_kad_post_footer":false,"footnotes":""},"class_list":["post-1423","page","type-page","status-publish","hentry"],"aioseo_notices":[],"_links":{"self":[{"href":"https:\/\/vinczebajusztimea.com\/index.php?rest_route=\/wp\/v2\/pages\/1423"}],"collection":[{"href":"https:\/\/vinczebajusztimea.com\/index.php?rest_route=\/wp\/v2\/pages"}],"about":[{"href":"https:\/\/vinczebajusztimea.com\/index.php?rest_route=\/wp\/v2\/types\/page"}],"author":[{"embeddable":true,"href":"https:\/\/vinczebajusztimea.com\/index.php?rest_route=\/wp\/v2\/users\/1"}],"replies":[{"embeddable":true,"href":"https:\/\/vinczebajusztimea.com\/index.php?rest_route=%2Fwp%2Fv2%2Fcomments&post=1423"}],"version-history":[{"count":13,"href":"https:\/\/vinczebajusztimea.com\/index.php?rest_route=\/wp\/v2\/pages\/1423\/revisions"}],"predecessor-version":[{"id":1776,"href":"https:\/\/vinczebajusztimea.com\/index.php?rest_route=\/wp\/v2\/pages\/1423\/revisions\/1776"}],"wp:attachment":[{"href":"https:\/\/vinczebajusztimea.com\/index.php?rest_route=%2Fwp%2Fv2%2Fmedia&parent=1423"}],"curies":[{"name":"wp","href":"https:\/\/api.w.org\/{rel}","templated":true}]}}