{"id":1458,"date":"2023-08-13T14:29:04","date_gmt":"2023-08-13T12:29:04","guid":{"rendered":"https:\/\/vinczebajusztimea.com\/?page_id=1458"},"modified":"2025-08-03T13:45:41","modified_gmt":"2025-08-03T11:45:41","slug":"bejelentkezes-menete","status":"publish","type":"page","link":"https:\/\/vinczebajusztimea.com\/?page_id=1458","title":{"rendered":"Bejelentkez\u00e9s menete"},"content":{"rendered":"\n<p><\/p>\n\n\n\n<p>Az els\u0151 interj\u00fa sor\u00e1n azonos\u00edtjuk a probl\u00e9m\u00e1t, a c\u00e9lokat \u00e9s felvetj\u00fck azokat a t\u00e9nyez\u0151ket, amelyek a h\u00e1tt\u00e9rben h\u00faz\u00f3dhatnak. Gyakran el\u0151fordul, hogy t\u00f6bb alkalomra is sz\u00fcks\u00e9g van ahhoz, hogy a fenti c\u00e9lok megval\u00f3suljanak.&nbsp;<\/p>\n\n\n\n<p>Minden alkalom 50 perces. <\/p>\n\n\n\n<p>Amennyiben a k\u00f6z\u00f6s munka mellett d\u00f6nt\u00fcnk, sz\u00f3beli szerz\u0151d\u00e9sre ker\u00fcl sor, melyben az egy\u00fcttm\u0171k\u00f6d\u00e9s keretei \u00e9s a c\u00e9lkit\u0171z\u00e9sek szerepelnek. N\u00e9h\u00e1ny esetben sz\u00fcks\u00e9g lehet pszichi\u00e1ter bevon\u00e1s\u00e1ra is, ilyenkor k\u00f6z\u00f6sen besz\u00e9lj\u00fck meg, hogy mely ell\u00e1t\u00e1si forma a legink\u00e1bb el\u00e9rhet\u0151.<\/p>\n\n\n\n<p><\/p>\n\n\n\n<p><\/p>\n\n\n<style>.kb-image1458_ec1de6-59 .kb-image-has-overlay:after{opacity:0.3;}<\/style>\n<div class=\"wp-block-kadence-image kb-image1458_ec1de6-59\"><figure class=\"aligncenter size-large\"><img loading=\"lazy\" decoding=\"async\" width=\"683\" height=\"1024\" src=\"https:\/\/vinczebajusztimea.com\/wp-content\/uploads\/2025\/08\/vbtphoto_VBTimi-4-683x1024.jpg\" alt=\"\" class=\"kb-img wp-image-1711\" srcset=\"https:\/\/vinczebajusztimea.com\/wp-content\/uploads\/2025\/08\/vbtphoto_VBTimi-4-683x1024.jpg 683w, https:\/\/vinczebajusztimea.com\/wp-content\/uploads\/2025\/08\/vbtphoto_VBTimi-4-200x300.jpg 200w, https:\/\/vinczebajusztimea.com\/wp-content\/uploads\/2025\/08\/vbtphoto_VBTimi-4-768x1152.jpg 768w, https:\/\/vinczebajusztimea.com\/wp-content\/uploads\/2025\/08\/vbtphoto_VBTimi-4-1024x1536.jpg 1024w, https:\/\/vinczebajusztimea.com\/wp-content\/uploads\/2025\/08\/vbtphoto_VBTimi-4-1365x2048.jpg 1365w, https:\/\/vinczebajusztimea.com\/wp-content\/uploads\/2025\/08\/vbtphoto_VBTimi-4-scaled.jpg 1707w\" sizes=\"(max-width: 683px) 100vw, 683px\" \/><\/figure><\/div>\n","protected":false},"excerpt":{"rendered":"<p>Az els\u0151 interj\u00fa sor\u00e1n azonos\u00edtjuk a probl\u00e9m\u00e1t, a c\u00e9lokat \u00e9s felvetj\u00fck azokat a t\u00e9nyez\u0151ket, amelyek a h\u00e1tt\u00e9rben h\u00faz\u00f3dhatnak. Gyakran el\u0151fordul, hogy t\u00f6bb alkalomra is sz\u00fcks\u00e9g van ahhoz, hogy a fenti c\u00e9lok megval\u00f3suljanak.&nbsp; Minden alkalom 50 perces. Amennyiben a k\u00f6z\u00f6s munka mellett d\u00f6nt\u00fcnk, sz\u00f3beli szerz\u0151d\u00e9sre ker\u00fcl sor, melyben az egy\u00fcttm\u0171k\u00f6d\u00e9s keretei \u00e9s a c\u00e9lkit\u0171z\u00e9sek szerepelnek. N\u00e9h\u00e1ny&#8230;<\/p>\n","protected":false},"author":1,"featured_media":0,"parent":0,"menu_order":0,"comment_status":"closed","ping_status":"closed","template":"","meta":{"_monsterinsights_skip_tracking":false,"_monsterinsights_sitenote_active":false,"_monsterinsights_sitenote_note":"","_monsterinsights_sitenote_category":0,"_kadence_starter_templates_imported_post":false,"_kad_post_transparent":"","_kad_post_title":"","_kad_post_layout":"","_kad_post_sidebar_id":"","_kad_post_content_style":"","_kad_post_vertical_padding":"","_kad_post_feature":"","_kad_post_feature_position":"","_kad_post_header":false,"_kad_post_footer":false,"footnotes":""},"class_list":["post-1458","page","type-page","status-publish","hentry"],"aioseo_notices":[],"_links":{"self":[{"href":"https:\/\/vinczebajusztimea.com\/index.php?rest_route=\/wp\/v2\/pages\/1458"}],"collection":[{"href":"https:\/\/vinczebajusztimea.com\/index.php?rest_route=\/wp\/v2\/pages"}],"about":[{"href":"https:\/\/vinczebajusztimea.com\/index.php?rest_route=\/wp\/v2\/types\/page"}],"author":[{"embeddable":true,"href":"https:\/\/vinczebajusztimea.com\/index.php?rest_route=\/wp\/v2\/users\/1"}],"replies":[{"embeddable":true,"href":"https:\/\/vinczebajusztimea.com\/index.php?rest_route=%2Fwp%2Fv2%2Fcomments&post=1458"}],"version-history":[{"count":5,"href":"https:\/\/vinczebajusztimea.com\/index.php?rest_route=\/wp\/v2\/pages\/1458\/revisions"}],"predecessor-version":[{"id":1727,"href":"https:\/\/vinczebajusztimea.com\/index.php?rest_route=\/wp\/v2\/pages\/1458\/revisions\/1727"}],"wp:attachment":[{"href":"https:\/\/vinczebajusztimea.com\/index.php?rest_route=%2Fwp%2Fv2%2Fmedia&parent=1458"}],"curies":[{"name":"wp","href":"https:\/\/api.w.org\/{rel}","templated":true}]}}