{"id":1478,"date":"2023-08-12T16:47:14","date_gmt":"2023-08-12T14:47:14","guid":{"rendered":"https:\/\/vinczebajusztimea.com\/?page_id=1478"},"modified":"2025-12-16T14:01:13","modified_gmt":"2025-12-16T13:01:13","slug":"pszichoanalitikusan-orientalt-modszer","status":"publish","type":"page","link":"https:\/\/vinczebajusztimea.com\/?page_id=1478","title":{"rendered":"Pszichoanalitikusan orient\u00e1lt m\u00f3dszer"},"content":{"rendered":"\n<p class=\"has-text-align-center\">A pszichoanalitikusan orient\u00e1lt m\u00f3dszer a pszichoanal\u00edzis elm\u00e9leti \u00e9s klinikai tapasztalati b\u00e1zis\u00e1n alakult ki. C\u00e9lja a t\u00fcnetek m\u00f6g\u00f6tti rejtett bels\u0151 konfliktusok azonos\u00edt\u00e1sa, mely sz\u00e9lesebb spektrum\u00fa \u00f6nismerethez \u00e9s magasabb szint\u0171 megk\u00fczd\u0151 mechanizmusokhoz vezet. Folyamatosan fejl\u0151d\u0151 m\u00f3dszer, melyben egyre ink\u00e1bb szerepet kap a terapeuta \u00e9s a p\u00e1ciens k\u00f6z\u00f6tti kapcsol\u00f3d\u00e1s, az \u00e1ltaluk tudattalanul l\u00e9trehozott \u00e9rzelmi mez\u0151 (interszubjekt\u00edv ir\u00e1nyzat).<\/p>\n\n\n\n<p class=\"has-text-align-center\">&#8220;<em>Az interszubjektivit\u00e1s l\u00e9nyege&nbsp;az a felismer\u00e9s, hogy az ember megsz\u00fclet\u00e9s\u00e9t\u0151l fogva a tapasztalatok feldolgoz\u00e1s\u00e1ban valamint indulati szab\u00e1lyoz\u00e1s\u00e1ban nincs \u00f6nmag\u00e1ra utalva, hanem sz\u00fcntelen\u00fcl t\u00e1maszkodhat egy m\u00e1sik elme visszajelz\u00e9seire. Ez a k\u00f6t\u0151d\u00e9s megszil\u00e1rdul\u00e1s\u00e1val alakul ki, \u00e9s olyan k\u00f6zismert jelens\u00e9gek tartoznak ide, mint az \u00e9rzelem megoszt\u00e1s, az \u00e9rzelem t\u00fckr\u00f6z\u00e9s vagy reflekt\u00edv funkci\u00f3 koncepci\u00f3ja. Ezek a koncepci\u00f3k azt is meggy\u0151z\u0151d\u00e9ssel \u00e1ll\u00edtj\u00e1k, hogy a kapcsolat ir\u00e1nti ig\u00e9ny\u00fcnk az\u00e9rt marad er\u0151s, mivel nemcsak a csecsem\u0151korban, hanem k\u00e9s\u0151bb sem tudn\u00e1nk a vil\u00e1got \u00e9rtelmezni, lelki f\u00e1jdalmainkat elviselni egy m\u00e1sik elme \u00e9rtelmez\u0151 jelenl\u00e9te n\u00e9lk\u00fcl.<\/em>&#8221; <\/p>\n\n\n\n<p class=\"has-text-align-center\">\/Hal\u00e1sz Anna: A pszichoanal\u00edzis interszubjekt\u00edv fordulata, L\u00e9lekelemz\u00e9s, 2006\/<\/p>\n\n\n\n<p class=\"has-medium-font-size\"><strong>Katat\u00edm imaginat\u00edv pszichoter\u00e1pia (KIP) m\u00f3dszere:<\/strong><\/p>\n\n\n\n<p>A katat\u00edm imaginat\u00edv pszichoter\u00e1pia m\u00f3dszer\u00e9t Leuner fejlesztette ki \u00e9s m\u00e1r kezdetekt\u0151l fogva \u00fagy hat\u00e1rozta meg, mint alapvet\u0151en dinamikus, analitikusan orient\u00e1lt pszichoter\u00e1pi\u00e1s folyamatot. A KIP-k\u00e9pek alkalmaz\u00e1s\u00e1n\u00e1l kontroll\u00e1lt regresszi\u00f3 ment\u00e9n a tudattalan \u00e9lm\u00e9nytartalom k\u00e9pi, imaginat\u00edv form\u00e1ban jelenik meg. Az imaginat\u00edv k\u00e9pek affektus-tel\u00edtettek, \u00e9s szimbolikusan \u00e1br\u00e1zolhatj\u00e1k a tudattalan konfliktusokat, a szem\u00e9lyis\u00e9g deficitjeit, k\u00f6t\u0151d\u00e9si patol\u00f3gi\u00e1j\u00e1t, korai traum\u00e1k szimbolikus megnyilv\u00e1nul\u00e1sait. A ter\u00e1pi\u00e1s c\u00e9llal induk\u00e1lt imaginat\u00edv k\u00e9p\u00e9lm\u00e9ny \u00e9s az imagin\u00e1lt tartalmakon v\u00e9gzett ter\u00e1pi\u00e1s munka tudattalanhoz k\u00f6zeli gy\u00f3gy\u00edt\u00f3 munk\u00e1t tesz lehet\u0151v\u00e9. A ter\u00e1pi\u00e1s folyamat l\u00e9nyegi r\u00e9sze a ter\u00e1pi\u00e1s c\u00e9llal induk\u00e1lt k\u00e9p\u00e9lm\u00e9nyben zajlik, amelyet a terapeuta k\u00eds\u00e9r \u00e9s szisztematikusan alak\u00edt. \/MAKOMP\/<\/p>\n\n\n<style>.kb-image1478_3ca834-6f .kb-image-has-overlay:after{opacity:0.3;}<\/style>\n<div class=\"wp-block-kadence-image kb-image1478_3ca834-6f\"><figure class=\"aligncenter size-large\"><img loading=\"lazy\" decoding=\"async\" width=\"1024\" height=\"683\" src=\"https:\/\/vinczebajusztimea.com\/wp-content\/uploads\/2025\/08\/vbtphoto_VBTimi-49-1024x683.jpg\" alt=\"\" class=\"kb-img wp-image-1723\" srcset=\"https:\/\/vinczebajusztimea.com\/wp-content\/uploads\/2025\/08\/vbtphoto_VBTimi-49-1024x683.jpg 1024w, https:\/\/vinczebajusztimea.com\/wp-content\/uploads\/2025\/08\/vbtphoto_VBTimi-49-300x200.jpg 300w, https:\/\/vinczebajusztimea.com\/wp-content\/uploads\/2025\/08\/vbtphoto_VBTimi-49-768x512.jpg 768w, https:\/\/vinczebajusztimea.com\/wp-content\/uploads\/2025\/08\/vbtphoto_VBTimi-49-1536x1024.jpg 1536w, https:\/\/vinczebajusztimea.com\/wp-content\/uploads\/2025\/08\/vbtphoto_VBTimi-49-2048x1365.jpg 2048w\" sizes=\"(max-width: 1024px) 100vw, 1024px\" \/><\/figure><\/div>\n","protected":false},"excerpt":{"rendered":"<p>A pszichoanalitikusan orient\u00e1lt m\u00f3dszer a pszichoanal\u00edzis elm\u00e9leti \u00e9s klinikai tapasztalati b\u00e1zis\u00e1n alakult ki. C\u00e9lja a t\u00fcnetek m\u00f6g\u00f6tti rejtett bels\u0151 konfliktusok azonos\u00edt\u00e1sa, mely sz\u00e9lesebb spektrum\u00fa \u00f6nismerethez \u00e9s magasabb szint\u0171 megk\u00fczd\u0151 mechanizmusokhoz vezet. Folyamatosan fejl\u0151d\u0151 m\u00f3dszer, melyben egyre ink\u00e1bb szerepet kap a terapeuta \u00e9s a p\u00e1ciens k\u00f6z\u00f6tti kapcsol\u00f3d\u00e1s, az \u00e1ltaluk tudattalanul l\u00e9trehozott \u00e9rzelmi mez\u0151 (interszubjekt\u00edv ir\u00e1nyzat). &#8220;Az&#8230;<\/p>\n","protected":false},"author":1,"featured_media":0,"parent":0,"menu_order":0,"comment_status":"closed","ping_status":"closed","template":"","meta":{"_monsterinsights_skip_tracking":false,"_monsterinsights_sitenote_active":false,"_monsterinsights_sitenote_note":"","_monsterinsights_sitenote_category":0,"_kadence_starter_templates_imported_post":false,"_kad_post_transparent":"","_kad_post_title":"","_kad_post_layout":"","_kad_post_sidebar_id":"","_kad_post_content_style":"","_kad_post_vertical_padding":"","_kad_post_feature":"","_kad_post_feature_position":"","_kad_post_header":false,"_kad_post_footer":false,"footnotes":""},"class_list":["post-1478","page","type-page","status-publish","hentry"],"aioseo_notices":[],"_links":{"self":[{"href":"https:\/\/vinczebajusztimea.com\/index.php?rest_route=\/wp\/v2\/pages\/1478"}],"collection":[{"href":"https:\/\/vinczebajusztimea.com\/index.php?rest_route=\/wp\/v2\/pages"}],"about":[{"href":"https:\/\/vinczebajusztimea.com\/index.php?rest_route=\/wp\/v2\/types\/page"}],"author":[{"embeddable":true,"href":"https:\/\/vinczebajusztimea.com\/index.php?rest_route=\/wp\/v2\/users\/1"}],"replies":[{"embeddable":true,"href":"https:\/\/vinczebajusztimea.com\/index.php?rest_route=%2Fwp%2Fv2%2Fcomments&post=1478"}],"version-history":[{"count":9,"href":"https:\/\/vinczebajusztimea.com\/index.php?rest_route=\/wp\/v2\/pages\/1478\/revisions"}],"predecessor-version":[{"id":1785,"href":"https:\/\/vinczebajusztimea.com\/index.php?rest_route=\/wp\/v2\/pages\/1478\/revisions\/1785"}],"wp:attachment":[{"href":"https:\/\/vinczebajusztimea.com\/index.php?rest_route=%2Fwp%2Fv2%2Fmedia&parent=1478"}],"curies":[{"name":"wp","href":"https:\/\/api.w.org\/{rel}","templated":true}]}}